{"id":3298,"date":"2025-06-25T14:10:24","date_gmt":"2025-06-25T11:10:24","guid":{"rendered":"https:\/\/smiledentlaborator.com\/termini-e-condizioni\/"},"modified":"2025-07-01T14:05:19","modified_gmt":"2025-07-01T11:05:19","slug":"termini-e-condizioni","status":"publish","type":"page","link":"https:\/\/smiledentlaborator.com\/it\/termini-e-condizioni\/","title":{"rendered":"Termini e condizioni"},"content":{"rendered":"\t\t<div data-elementor-type=\"wp-page\" data-elementor-id=\"3298\" class=\"elementor elementor-3298 elementor-2213\">\n\t\t\t\t<div class=\"elementor-element elementor-element-775319a e-flex e-con-boxed e-con e-parent\" data-id=\"775319a\" data-element_type=\"container\">\n\t\t\t\t\t<div class=\"e-con-inner\">\n\t\t\t\t<div class=\"elementor-element elementor-element-3378de9 elementor-widget elementor-widget-heading\" data-id=\"3378de9\" data-element_type=\"widget\" data-widget_type=\"heading.default\">\n\t\t\t\t<div class=\"elementor-widget-container\">\n\t\t\t\t\t<h1 class=\"elementor-heading-title elementor-size-default\">Termini e condizioni<\/h1>\t\t\t\t<\/div>\n\t\t\t\t<\/div>\n\t\t\t\t\t<\/div>\n\t\t\t\t<\/div>\n\t\t<div class=\"elementor-element elementor-element-6bb21e0 e-flex e-con-boxed e-con e-parent\" data-id=\"6bb21e0\" data-element_type=\"container\">\n\t\t\t\t\t<div class=\"e-con-inner\">\n\t\t\t\t<div class=\"elementor-element elementor-element-32e2dfb elementor-widget elementor-widget-text-editor\" data-id=\"32e2dfb\" data-element_type=\"widget\" data-widget_type=\"text-editor.default\">\n\t\t\t\t<div class=\"elementor-widget-container\">\n\t\t\t\t\t\t\t\t\t<p>A <strong><a href=\"https:\/\/smiledentlaborator.com\/it\/\">www.smiledentlaborator.com<\/a><\/strong> troverai le informazioni (testi, foto, database, ecc.) che costituiscono il contenuto del sito web <strong><a href=\"https:\/\/smiledentlaborator.com\/it\/\">www.smiledentlaborator.com<\/a><\/strong>di propriet\u00e0 di <strong>SMILE DENT LAB SRL<\/strong>, con sede legale in  <strong>Romania, Contea di Ia\u0219i, Loc. Ia\u0219i, Str. Arcu, 18, Corpo C1, Sala P6, Piano Terra  <\/strong><strong>CUI 45885557,<\/strong> con numero di registrazione <strong>J22\/1085\/2022<\/strong>. Qualsiasi utilizzo dei contenuti (in tutto o in parte) per scopi diversi dall&#8217;interesse personale \u00e8 punibile ai sensi della legislazione sui diritti di propriet\u00e0 intellettuale.<br>Le informazioni fornite su questo sito web sono in lingua rumena (<strong><a href=\"https:\/\/smiledentlaborator.com\/it\/\">www.smiledentlaborator.com<\/a><\/strong>), senza escludere la presentazione in altre lingue. <br>L<strong>&#8216;utilizzo del sito web <a href=\"https:\/\/smiledentlaborator.com\/it\/\">www.smiledentlaborator.com<\/a> implica l&#8217;accettazione dei termini e delle condizioni che verranno dettagliati nei paragrafi successivi.<\/strong><br>Al fine di utilizzare il sito web nelle migliori condizioni, si raccomanda di leggere attentamente i termini e le condizioni.<br><strong>SMILE DENT LAB SRL<\/strong> si assume il diritto di apportare modifiche alle presenti disposizioni senza ulteriore preavviso. Quando accedi a questa sezione del sito web (termini e condizioni), stai consultando la versione pi\u00f9 recente del presente contratto. <\/p>\t\t\t\t\t\t\t\t<\/div>\n\t\t\t\t<\/div>\n\t\t\t\t<div class=\"elementor-element elementor-element-1100be9 elementor-widget elementor-widget-text-editor\" data-id=\"1100be9\" data-element_type=\"widget\" data-widget_type=\"text-editor.default\">\n\t\t\t\t<div class=\"elementor-widget-container\">\n\t\t\t\t\t\t\t\t\t<p><strong>SMILE DENT DENT LAB SRL<\/strong> <strong><a href=\"https:\/\/smiledentlaborator.com\/it\/\">(www.smiledentlaborator.com)<\/a><\/strong><\/p>\t\t\t\t\t\t\t\t<\/div>\n\t\t\t\t<\/div>\n\t\t\t\t<div class=\"elementor-element elementor-element-9e2c4b8 elementor-widget elementor-widget-heading\" data-id=\"9e2c4b8\" data-element_type=\"widget\" data-widget_type=\"heading.default\">\n\t\t\t\t<div class=\"elementor-widget-container\">\n\t\t\t\t\t<h2 class=\"elementor-heading-title elementor-size-default\">1. Limitazione di responsabilit\u00e0<\/h2>\t\t\t\t<\/div>\n\t\t\t\t<\/div>\n\t\t\t\t<div class=\"elementor-element elementor-element-9f77d86 elementor-widget elementor-widget-text-editor\" data-id=\"9f77d86\" data-element_type=\"widget\" data-widget_type=\"text-editor.default\">\n\t\t\t\t<div class=\"elementor-widget-container\">\n\t\t\t\t\t\t\t\t\t<p>Accedendo al sito web accetti di utilizzarlo a tuo rischio e pericolo. <strong><a href=\"https:\/\/smiledentlaborator.com\/it\/\">www.smiledentlaborator.com<\/a><\/strong> non sar\u00e0 responsabile di alcun incidente diretto o indiretto o di qualsiasi altra perdita, costo o spesa di qualsiasi natura che possa derivare dall&#8217;accesso o dalla navigazione del sito o dal download di dati (testo, immagini, video o audio).<br>Contenuto del sito <strong><a href=\"https:\/\/smiledentlaborator.com\/it\/\">www.smiledentlaborator.com<\/a><\/strong> sono stati compilati con la massima cura per garantire il corretto inserimento dei dati e l&#8217;accuratezza delle informazioni. Tuttavia, gli errori non sono impossibili. Pertanto, <strong>SMILE DENT LAB SRL<\/strong>  <strong> <\/strong>non si assume alcuna responsabilit\u00e0 per errori tipografici o di visualizzazione di immagini, caratteristiche, ecc.<br><strong>SMILE DENT LAB SRL<\/strong> non \u00e8 responsabile per eventuali danni causati da virus, bug, azioni umane o qualsiasi malfunzionamento del sistema informatico, o qualsiasi altro errore, malfunzionamento o ritardo di comunicazione nelle trasmissioni su dispositivi.<br>Tutte le informazioni e i materiali contenuti in questo sito sono forniti gratuitamente senza garanzie di alcun tipo. In nessun caso <strong>SMILE DENT LAB SRL<\/strong> sar\u00e0 responsabile per qualsiasi danno diretto, indiretto, incidentale o speciale derivante dall&#8217;uso o dall&#8217;impossibilit\u00e0 di usare questo sito e non sar\u00e0 responsabile per qualsiasi danno derivante da errori, omissioni, interruzioni, errori, malfunzionamenti, ritardi nel funzionamento o nella trasmissione o qualsiasi mancanza di prestazioni del sito.<br>Accedendo al Sito, il Visitatore accetta espressamente e inequivocabilmente i <strong>Termini e le Condizioni del<\/strong> Sito e le condizioni in cui si svolge il processo di contatto e\/o di richiesta di informazioni, come indicato nel Sito. <\/p>\t\t\t\t\t\t\t\t<\/div>\n\t\t\t\t<\/div>\n\t\t\t\t<div class=\"elementor-element elementor-element-06824c0 elementor-widget elementor-widget-heading\" data-id=\"06824c0\" data-element_type=\"widget\" data-widget_type=\"heading.default\">\n\t\t\t\t<div class=\"elementor-widget-container\">\n\t\t\t\t\t<h2 class=\"elementor-heading-title elementor-size-default\">2. Pubblicit\u00e0 e riservatezza<\/h2>\t\t\t\t<\/div>\n\t\t\t\t<\/div>\n\t\t\t\t<div class=\"elementor-element elementor-element-de06f08 elementor-widget elementor-widget-text-editor\" data-id=\"de06f08\" data-element_type=\"widget\" data-widget_type=\"text-editor.default\">\n\t\t\t\t<div class=\"elementor-widget-container\">\n\t\t\t\t\t\t\t\t\t<p><strong>L&#8217;utente non divulgher\u00e0 a terzi, con qualsiasi mezzo, le informazioni private ricevute da SMILE DENT LAB SRL, pena il risarcimento dei danni.<\/strong><br><strong>SMILE DENT LAB SRL<\/strong> non divulgher\u00e0<strong>inoltre<\/strong> a terzi le informazioni trasmesse senza il consenso scritto dell&#8217;utente, ad eccezione di partner autorizzati, fornitori di servizi con i quali esiste un contratto che protegge questi dati.<strong><br><a href=\"https:\/\/smiledentlaborator.com\/politica-de-confidentialitate\/\">Leggi il documento sulla privacy<\/a>.<\/strong><\/p>\t\t\t\t\t\t\t\t<\/div>\n\t\t\t\t<\/div>\n\t\t\t\t<div class=\"elementor-element elementor-element-a50244f elementor-widget elementor-widget-heading\" data-id=\"a50244f\" data-element_type=\"widget\" data-widget_type=\"heading.default\">\n\t\t\t\t<div class=\"elementor-widget-container\">\n\t\t\t\t\t<h2 class=\"elementor-heading-title elementor-size-default\">3. Collegamenti<\/h2>\t\t\t\t<\/div>\n\t\t\t\t<\/div>\n\t\t\t\t<div class=\"elementor-element elementor-element-2fce0aa elementor-widget elementor-widget-text-editor\" data-id=\"2fce0aa\" data-element_type=\"widget\" data-widget_type=\"text-editor.default\">\n\t\t\t\t<div class=\"elementor-widget-container\">\n\t\t\t\t\t\t\t\t\t<p>Sito web <strong><a href=\"https:\/\/smiledentlaborator.com\/it\/\">www.smiledentlaborator.com<\/a><\/strong> pu\u00f2 contenere link ad altri siti web o ad altre fonti. <strong> SMILE DENT LAB SRL<\/strong> non \u00e8 responsabile di eventuali danni o perdite causati o presunti tali dalle informazioni fornite dai siti o dalle fonti collegate.<\/p>\t\t\t\t\t\t\t\t<\/div>\n\t\t\t\t<\/div>\n\t\t\t\t<div class=\"elementor-element elementor-element-ee4192c elementor-widget elementor-widget-heading\" data-id=\"ee4192c\" data-element_type=\"widget\" data-widget_type=\"heading.default\">\n\t\t\t\t<div class=\"elementor-widget-container\">\n\t\t\t\t\t<h2 class=\"elementor-heading-title elementor-size-default\">4. Frode<\/h2>\t\t\t\t<\/div>\n\t\t\t\t<\/div>\n\t\t\t\t<div class=\"elementor-element elementor-element-7f2b377 elementor-widget elementor-widget-text-editor\" data-id=\"7f2b377\" data-element_type=\"widget\" data-widget_type=\"text-editor.default\">\n\t\t\t\t<div class=\"elementor-widget-container\">\n\t\t\t\t\t\t\t\t\t<p>QUALSIASI TENTATIVO DI ACCEDERE AI DATI PERSONALI DI UN ALTRO UTENTE, DI MODIFICARE IL CONTENUTO DEL SITO <strong><a href=\"https:\/\/smiledentlaborator.com\/it\/\">WWW.SMILEDENTLABORATOR.COM<\/a><\/strong> O DI INTERFERIRE CON IL FUNZIONAMENTO DEL SERVER CHE OSPITA IL SITO WWW.SMILEDENTLABORATOR.COM. <strong><a href=\"https:\/\/smiledentlaborator.com\/it\/\">WWW.SMILEDENTLABORATOR.COM<\/a><\/strong> SAR\u00c0 CONSIDERATO UN TENTATIVO DI FRODE NEI CONFRONTI DEL SITO E SAR\u00c0 PERSEGUITO PENALMENTE L&#8217;AUTORE O GLI AUTORI DI QUESTI ATTI.<\/p>\t\t\t\t\t\t\t\t<\/div>\n\t\t\t\t<\/div>\n\t\t\t\t<div class=\"elementor-element elementor-element-bffb9a5 elementor-widget elementor-widget-heading\" data-id=\"bffb9a5\" data-element_type=\"widget\" data-widget_type=\"heading.default\">\n\t\t\t\t<div class=\"elementor-widget-container\">\n\t\t\t\t\t<h2 class=\"elementor-heading-title elementor-size-default\">5. Sicurezza dei dati e delle informazioni personali<\/h2>\t\t\t\t<\/div>\n\t\t\t\t<\/div>\n\t\t\t\t<div class=\"elementor-element elementor-element-79ac1f7 elementor-widget elementor-widget-text-editor\" data-id=\"79ac1f7\" data-element_type=\"widget\" data-widget_type=\"text-editor.default\">\n\t\t\t\t<div class=\"elementor-widget-container\">\n\t\t\t\t\t\t\t\t\t<p>I dati personali dell&#8217;utente potranno essere utilizzati da <strong>SMILE DENT LAB SRL<\/strong> solo per lo scopo dichiarato di questo sito web. Le informazioni e i dati contenuti nel modulo di contatto e nel modulo di richiesta di preventivo saranno utilizzati esclusivamente per rispondere alle richieste dell&#8217;emittente.<br>I dati personali potranno, tuttavia, essere trasmessi alle autorit\u00e0 legittimate a svolgere qualsiasi controllo giustificato dalla legge, se richiesto in conformit\u00e0 alle leggi vigenti. <br><strong>SMILE DENT LAB SRL<\/strong> <strong>non vende, cede, commercia o scambia gli indirizzi e-mail ottenuti attraverso questo sito web, n\u00e9 divulga il tuo indirizzo e-mail ad altri che accedono alle pagine di questo sito web.<\/strong><br>Dal 25 maggio 2018, <strong>ai sensi del Regolamento (UE) 679\/2016<\/strong> relativo alla protezione delle persone fisiche con riguardo al trattamento dei dati personali, nonch\u00e9 alla libera circolazione di tali dati e che abroga <strong>la direttiva 95\/46\/CE<\/strong> (Regolamento generale sulla protezione dei dati) di seguito denominato &#8220;Regolamento GDPR&#8221;, <strong>SMILE DENT LAB SRL<\/strong> \u00e8 tenuta a gestire in modo sicuro e solo per le finalit\u00e0 specificate, i dati personali forniti dal visitatore. Lo scopo della raccolta dei dati \u00e8 quello di rispondere alle richieste dei visitatori, come descritto nell&#8217;informativa sulla privacy. <a href=\"https:\/\/smiledentlaborator.com\/politica-de-confidentialitate\/\"><strong>informativa sulla privacy.<\/strong><\/a> <\/p><p><strong>Ai sensi del Regolamento (UE) 679\/2016<\/strong>, hai i seguenti diritti:<\/p><p><strong>1. Diritto all&#8217;informazione e all&#8217;accesso ai dati personali: il<\/strong> diritto di ottenere la conferma che sia o meno in corso un trattamento di dati personali che ti riguardano e, in tal caso, l&#8217;accesso a tali dati.<\/p><p><strong>2. Il diritto di rettifica:<\/strong> il diritto di chiedere all&#8217;Operatore e di ottenere, senza indebito ritardo, la rettifica di dati personali inesatti che ti riguardano e\/o di ottenere il completamento di dati personali incompleti, con la precisazione che nel caso di un account online tali modifiche possono essere apportate personalmente dalla sezione di modifica dei dati dell&#8217;account.<\/p><p><strong>3. Diritto alla cancellazione (&#8220;diritto all&#8217;oblio&#8221;): il<\/strong> diritto di ottenere la cancellazione senza ingiustificato ritardo dei dati personali che ti riguardano, qualora sussistano determinati motivi stabiliti dal <a href=\"https:\/\/smiledentlaborator.com\/politica-de-confidentialitate\/\"><strong>Regolamento GDPR<\/strong><\/a>.<\/p><p><strong>4. Diritto alla limitazione del trattamento: il<\/strong> diritto di ottenere la limitazione del trattamento in determinati casi.<\/p><p><strong>5. Il diritto alla portabilit\u00e0 dei dati: il<\/strong> diritto di ricevere i dati personali che ti riguardano e di trasferirli a un altro titolare del trattamento.  <\/p><p><strong>6. Diritto di opporsi: il<\/strong> diritto di opporsi in qualsiasi momento al trattamento dei dati personali che ti riguardano, alle condizioni <a href=\"https:\/\/smiledentlaborator.com\/politica-de-confidentialitate\/\"><strong>Regolamento GDPR<\/strong><\/a>.<\/p><p><strong>7. Il diritto di non essere sottoposto a una decisione basata esclusivamente sul trattamento automatizzato, compresa la profilazione<\/strong>, che produca effetti giuridici nei tuoi confronti o che ti riguardi in modo analogo in misura significativa.<\/p><p><strong>8. Il diritto di presentare un reclamo all&#8217;Autorit\u00e0 Nazionale di Controllo per il Trattamento dei Dati Personali (ANSPDCP)<\/strong> se ritieni che i tuoi dati non siano stati trattati in conformit\u00e0 alla legge.<\/p><p>Per esercitare i suddetti diritti, ti preghiamo di inviare una richiesta scritta, datata e firmata all&#8217;indirizzo e-mail: <a href=\"mailto:laborator.bucuresti@smiledentlaborator.com\">laborator.bucuresti@smiledentlaborator.com,<\/a> o all&#8217;indirizzo postale:  <strong>Romania, Contea di Ia\u0219i, Loc. Ia\u0219i, Str. Arcu, 18, Corpo C1, Stanza P6, Piano Terra  <\/strong>, all&#8217;attenzione della PERSONA RESPONSABILE DEI DATI PERSONALI &#8211; <strong><b>DANIEL STANCU<\/b><\/strong>.<\/p>\t\t\t\t\t\t\t\t<\/div>\n\t\t\t\t<\/div>\n\t\t\t\t<div class=\"elementor-element elementor-element-df52863 elementor-widget elementor-widget-heading\" data-id=\"df52863\" data-element_type=\"widget\" data-widget_type=\"heading.default\">\n\t\t\t\t<div class=\"elementor-widget-container\">\n\t\t\t\t\t<h2 class=\"elementor-heading-title elementor-size-default\">6. Controversie. Legge applicabile <\/h2>\t\t\t\t<\/div>\n\t\t\t\t<\/div>\n\t\t\t\t<div class=\"elementor-element elementor-element-d706aae elementor-widget elementor-widget-text-editor\" data-id=\"d706aae\" data-element_type=\"widget\" data-widget_type=\"text-editor.default\">\n\t\t\t\t<div class=\"elementor-widget-container\">\n\t\t\t\t\t\t\t\t\t<p>Qualsiasi controversia sar\u00e0 risolta di comune accordo tra le due parti (in via amichevole). In caso di mancata risoluzione amichevole della controversia, sono competenti i tribunali rumeni della giurisdizione della sede legale di <strong>SMILE DENT LAB SRL<\/strong>. <br><strong>SMILE DENT LAB SRL<\/strong> <strong>non sar\u00e0 responsabile per eventuali danni, costi, azioni legali, reclami o spese derivanti dalla mancata osservanza dei &#8220;Termini e Condizioni&#8221; da parte degli utenti.<\/strong><\/p>\t\t\t\t\t\t\t\t<\/div>\n\t\t\t\t<\/div>\n\t\t\t\t\t<\/div>\n\t\t\t\t<\/div>\n\t\t\t\t<\/div>\n\t\t","protected":false},"excerpt":{"rendered":"<p>Termini e condizioni A www.smiledentlaborator.com troverai le informazioni (testi, foto, database, ecc.) che costituiscono il contenuto del sito web www.smiledentlaborator.comdi propriet\u00e0 di SMILE DENT LAB SRL, con sede legale in Romania, Contea di Ia\u0219i, Loc. Ia\u0219i, Str. Arcu, 18, Corpo C1, Sala P6, Piano Terra CUI 45885557, con numero di registrazione J22\/1085\/2022. Qualsiasi utilizzo dei [&hellip;]<\/p>\n","protected":false},"author":1,"featured_media":0,"parent":0,"menu_order":0,"comment_status":"closed","ping_status":"closed","template":"","meta":{"footnotes":""},"class_list":["post-3298","page","type-page","status-publish","hentry"],"yoast_head":"<!-- This site is optimized with the Yoast SEO plugin v25.3.1 - https:\/\/yoast.com\/wordpress\/plugins\/seo\/ -->\n<title>Termini e condizioni - Smile Dent Team LAB<\/title>\n<meta name=\"robots\" content=\"index, follow, max-snippet:-1, max-image-preview:large, max-video-preview:-1\" \/>\n<link rel=\"canonical\" href=\"https:\/\/smiledentlaborator.com\/it\/termini-e-condizioni\/\" \/>\n<meta property=\"og:locale\" content=\"it_IT\" \/>\n<meta property=\"og:type\" content=\"article\" \/>\n<meta property=\"og:title\" content=\"Termini e condizioni - Smile Dent Team LAB\" \/>\n<meta property=\"og:description\" content=\"Termini e condizioni A www.smiledentlaborator.com troverai le informazioni (testi, foto, database, ecc.) che costituiscono il contenuto del sito web www.smiledentlaborator.comdi propriet\u00e0 di SMILE DENT LAB SRL, con sede legale in Romania, Contea di Ia\u0219i, Loc. Ia\u0219i, Str. Arcu, 18, Corpo C1, Sala P6, Piano Terra CUI 45885557, con numero di registrazione J22\/1085\/2022. Qualsiasi utilizzo dei [&hellip;]\" \/>\n<meta property=\"og:url\" content=\"https:\/\/smiledentlaborator.com\/it\/termini-e-condizioni\/\" \/>\n<meta property=\"og:site_name\" content=\"Smile Dent Team LAB\" \/>\n<meta property=\"article:modified_time\" content=\"2025-07-01T11:05:19+00:00\" \/>\n<meta name=\"twitter:card\" content=\"summary_large_image\" \/>\n<meta name=\"twitter:label1\" content=\"Tempo di lettura stimato\" \/>\n\t<meta name=\"twitter:data1\" content=\"6 minuti\" \/>\n<script type=\"application\/ld+json\" class=\"yoast-schema-graph\">{\"@context\":\"https:\/\/schema.org\",\"@graph\":[{\"@type\":\"WebPage\",\"@id\":\"https:\/\/smiledentlaborator.com\/it\/termini-e-condizioni\/\",\"url\":\"https:\/\/smiledentlaborator.com\/it\/termini-e-condizioni\/\",\"name\":\"Termini e condizioni - Smile Dent Team LAB\",\"isPartOf\":{\"@id\":\"https:\/\/smiledentlaborator.com\/it\/#website\"},\"datePublished\":\"2025-06-25T11:10:24+00:00\",\"dateModified\":\"2025-07-01T11:05:19+00:00\",\"breadcrumb\":{\"@id\":\"https:\/\/smiledentlaborator.com\/it\/termini-e-condizioni\/#breadcrumb\"},\"inLanguage\":\"it-IT\",\"potentialAction\":[{\"@type\":\"ReadAction\",\"target\":[\"https:\/\/smiledentlaborator.com\/it\/termini-e-condizioni\/\"]}]},{\"@type\":\"BreadcrumbList\",\"@id\":\"https:\/\/smiledentlaborator.com\/it\/termini-e-condizioni\/#breadcrumb\",\"itemListElement\":[{\"@type\":\"ListItem\",\"position\":1,\"name\":\"Prima pagin\u0103\",\"item\":\"https:\/\/smiledentlaborator.com\/it\/\"},{\"@type\":\"ListItem\",\"position\":2,\"name\":\"Termini e condizioni\"}]},{\"@type\":\"WebSite\",\"@id\":\"https:\/\/smiledentlaborator.com\/it\/#website\",\"url\":\"https:\/\/smiledentlaborator.com\/it\/\",\"name\":\"Smile Dent Team LAB\",\"description\":\"\",\"publisher\":{\"@id\":\"https:\/\/smiledentlaborator.com\/it\/#organization\"},\"potentialAction\":[{\"@type\":\"SearchAction\",\"target\":{\"@type\":\"EntryPoint\",\"urlTemplate\":\"https:\/\/smiledentlaborator.com\/it\/?s={search_term_string}\"},\"query-input\":{\"@type\":\"PropertyValueSpecification\",\"valueRequired\":true,\"valueName\":\"search_term_string\"}}],\"inLanguage\":\"it-IT\"},{\"@type\":\"Organization\",\"@id\":\"https:\/\/smiledentlaborator.com\/it\/#organization\",\"name\":\"Smile Dent Team LAB\",\"url\":\"https:\/\/smiledentlaborator.com\/it\/\",\"logo\":{\"@type\":\"ImageObject\",\"inLanguage\":\"it-IT\",\"@id\":\"https:\/\/smiledentlaborator.com\/it\/#\/schema\/logo\/image\/\",\"url\":\"https:\/\/smiledentlaborator.com\/wp-content\/uploads\/2025\/06\/SDT-LAB-Watermark.jpg\",\"contentUrl\":\"https:\/\/smiledentlaborator.com\/wp-content\/uploads\/2025\/06\/SDT-LAB-Watermark.jpg\",\"width\":959,\"height\":334,\"caption\":\"Smile Dent Team LAB\"},\"image\":{\"@id\":\"https:\/\/smiledentlaborator.com\/it\/#\/schema\/logo\/image\/\"}}]}<\/script>\n<!-- \/ Yoast SEO plugin. -->","yoast_head_json":{"title":"Termini e condizioni - Smile Dent Team LAB","robots":{"index":"index","follow":"follow","max-snippet":"max-snippet:-1","max-image-preview":"max-image-preview:large","max-video-preview":"max-video-preview:-1"},"canonical":"https:\/\/smiledentlaborator.com\/it\/termini-e-condizioni\/","og_locale":"it_IT","og_type":"article","og_title":"Termini e condizioni - Smile Dent Team LAB","og_description":"Termini e condizioni A www.smiledentlaborator.com troverai le informazioni (testi, foto, database, ecc.) che costituiscono il contenuto del sito web www.smiledentlaborator.comdi propriet\u00e0 di SMILE DENT LAB SRL, con sede legale in Romania, Contea di Ia\u0219i, Loc. Ia\u0219i, Str. Arcu, 18, Corpo C1, Sala P6, Piano Terra CUI 45885557, con numero di registrazione J22\/1085\/2022. Qualsiasi utilizzo dei [&hellip;]","og_url":"https:\/\/smiledentlaborator.com\/it\/termini-e-condizioni\/","og_site_name":"Smile Dent Team LAB","article_modified_time":"2025-07-01T11:05:19+00:00","twitter_card":"summary_large_image","twitter_misc":{"Tempo di lettura stimato":"6 minuti"},"schema":{"@context":"https:\/\/schema.org","@graph":[{"@type":"WebPage","@id":"https:\/\/smiledentlaborator.com\/it\/termini-e-condizioni\/","url":"https:\/\/smiledentlaborator.com\/it\/termini-e-condizioni\/","name":"Termini e condizioni - Smile Dent Team LAB","isPartOf":{"@id":"https:\/\/smiledentlaborator.com\/it\/#website"},"datePublished":"2025-06-25T11:10:24+00:00","dateModified":"2025-07-01T11:05:19+00:00","breadcrumb":{"@id":"https:\/\/smiledentlaborator.com\/it\/termini-e-condizioni\/#breadcrumb"},"inLanguage":"it-IT","potentialAction":[{"@type":"ReadAction","target":["https:\/\/smiledentlaborator.com\/it\/termini-e-condizioni\/"]}]},{"@type":"BreadcrumbList","@id":"https:\/\/smiledentlaborator.com\/it\/termini-e-condizioni\/#breadcrumb","itemListElement":[{"@type":"ListItem","position":1,"name":"Prima pagin\u0103","item":"https:\/\/smiledentlaborator.com\/it\/"},{"@type":"ListItem","position":2,"name":"Termini e condizioni"}]},{"@type":"WebSite","@id":"https:\/\/smiledentlaborator.com\/it\/#website","url":"https:\/\/smiledentlaborator.com\/it\/","name":"Smile Dent Team LAB","description":"","publisher":{"@id":"https:\/\/smiledentlaborator.com\/it\/#organization"},"potentialAction":[{"@type":"SearchAction","target":{"@type":"EntryPoint","urlTemplate":"https:\/\/smiledentlaborator.com\/it\/?s={search_term_string}"},"query-input":{"@type":"PropertyValueSpecification","valueRequired":true,"valueName":"search_term_string"}}],"inLanguage":"it-IT"},{"@type":"Organization","@id":"https:\/\/smiledentlaborator.com\/it\/#organization","name":"Smile Dent Team LAB","url":"https:\/\/smiledentlaborator.com\/it\/","logo":{"@type":"ImageObject","inLanguage":"it-IT","@id":"https:\/\/smiledentlaborator.com\/it\/#\/schema\/logo\/image\/","url":"https:\/\/smiledentlaborator.com\/wp-content\/uploads\/2025\/06\/SDT-LAB-Watermark.jpg","contentUrl":"https:\/\/smiledentlaborator.com\/wp-content\/uploads\/2025\/06\/SDT-LAB-Watermark.jpg","width":959,"height":334,"caption":"Smile Dent Team LAB"},"image":{"@id":"https:\/\/smiledentlaborator.com\/it\/#\/schema\/logo\/image\/"}}]}},"_links":{"self":[{"href":"https:\/\/smiledentlaborator.com\/it\/wp-json\/wp\/v2\/pages\/3298","targetHints":{"allow":["GET"]}}],"collection":[{"href":"https:\/\/smiledentlaborator.com\/it\/wp-json\/wp\/v2\/pages"}],"about":[{"href":"https:\/\/smiledentlaborator.com\/it\/wp-json\/wp\/v2\/types\/page"}],"author":[{"embeddable":true,"href":"https:\/\/smiledentlaborator.com\/it\/wp-json\/wp\/v2\/users\/1"}],"replies":[{"embeddable":true,"href":"https:\/\/smiledentlaborator.com\/it\/wp-json\/wp\/v2\/comments?post=3298"}],"version-history":[{"count":2,"href":"https:\/\/smiledentlaborator.com\/it\/wp-json\/wp\/v2\/pages\/3298\/revisions"}],"predecessor-version":[{"id":3300,"href":"https:\/\/smiledentlaborator.com\/it\/wp-json\/wp\/v2\/pages\/3298\/revisions\/3300"}],"wp:attachment":[{"href":"https:\/\/smiledentlaborator.com\/it\/wp-json\/wp\/v2\/media?parent=3298"}],"curies":[{"name":"wp","href":"https:\/\/api.w.org\/{rel}","templated":true}]}}